{"id":36,"date":"2019-05-10T18:20:38","date_gmt":"2019-05-10T18:20:38","guid":{"rendered":"http:\/\/c1510404.ferozo.com\/es\/?page_id=36"},"modified":"2019-06-14T12:39:12","modified_gmt":"2019-06-14T12:39:12","slug":"conocenos","status":"publish","type":"page","link":"http:\/\/thebeautyplace.com.ar\/es\/conocenos\/","title":{"rendered":"Conocenos"},"content":{"rendered":"<div class=\"wpb-content-wrapper\">[vc_row fullwidth=\u00bbtrue\u00bb full_width=\u00bbstretch_row_content_no_spaces\u00bb css=\u00bb.vc_custom_1559048770197{padding-top: 80px !important;padding-right: 0px !important;padding-bottom: 80px !important;padding-left: 0px !important;background-image: url(http:\/\/c1510404.ferozo.com\/es\/wp-content\/uploads\/2019\/05\/pattern-beautyplace.jpg?id=118) !important;background-position: 0 0 !important;background-repeat: repeat !important;}\u00bb bg_size=\u00bb275px 275px\u00bb el_class=\u00bbcolored_1&#8243;][vc_column width=\u00bb1\/6&#8243;][\/vc_column][vc_column width=\u00bb2\/3&#8243; css=\u00bb.vc_custom_1558411406979{padding-top: 40px !important;padding-right: 40px !important;padding-bottom: 40px !important;padding-left: 40px !important;background-color: #11374c !important;}\u00bb][vc_custom_heading text=\u00bbTHE BEAUTY PLACE\u00bb font_container=\u00bbtag:h2|text_align:center|color:%23ffffff|line_height:42px\u00bb use_theme_fonts=\u00bbyes\u00bb type=\u00bbicon_bottom\u00bb icon=\u00bbstm-icon-flower-2&#8243; icon_size=\u00bb15&#8243; css=\u00bb.vc_custom_1558617388870{margin-bottom: 37px !important;}\u00bb][vc_column_text disable_pattern=\u00bbfalse\u00bb align=\u00bbcenter\u00bb css=\u00bb.vc_custom_1560515949157{margin-bottom: 0px !important;}\u00bb]<span style=\"color: #ffffff;\">The Beauty Place es un Spa de Belleza integral especializado en manos y pies, creado para relajarse y disfrutar de los mejores servicios en un espacio exquisito y \u00fanico.<\/span><\/p>\n<p><span style=\"color: #ffffff;\">Nuestra premisa es cuidar cada detalle para brindar una experiencia placentera y satisfacer a nuestras clientas, con marcas de primera l\u00ednea, como OPI y Orly, y especialistas capacitadas con un exclusivo sistema profesional.<\/span><\/p>\n<p><span style=\"color: #ffffff;\">Contamos con todo lo que la mujer necesita para su arreglo personal: manicuria, belleza de pies, pedicuria, u\u00f1as esculpidas, spa de u\u00f1as, manos y pies, perfilado de cejas, lifting y tintura de pesta\u00f1as, extensi\u00f3n de pesta\u00f1as pelo por pelo, 2D y 3D, botox de pesta\u00f1as y cejas, depilaci\u00f3n, masajes, drenaje linf\u00e1tico, limpieza de cutis, maquillaje y cursos de automaquillaje.<\/span>[\/vc_column_text][\/vc_column][vc_column width=\u00bb1\/6&#8243;][\/vc_column][\/vc_row][vc_row fullwidth=\u00bbtrue\u00bb full_width=\u00bbstretch_row\u00bb css=\u00bb.vc_custom_1557514089526{padding-top: 60px !important;padding-right: 0px !important;padding-bottom: 70px !important;padding-left: 0px !important;background: #3a3a43 url(http:\/\/cinderella.stylemixthemes.com\/demo\/wp-content\/uploads\/2015\/06\/floral_pattern.png?id=86) !important;background-position: 0 0 !important;background-repeat: repeat !important;}\u00bb bg_size=\u00bb275px 275px\u00bb el_class=\u00bbcolored_1&#8243;][vc_column width=\u00bb1\/6&#8243;][\/vc_column][vc_column width=\u00bb2\/3&#8243;][vc_custom_heading text=\u00bbSeguinos\u00bb font_container=\u00bbtag:h2|text_align:center|color:%23ffffff\u00bb use_theme_fonts=\u00bbyes\u00bb type=\u00bbicon_bottom\u00bb icon=\u00bbstm-icon-flower-2&#8243; icon_size=\u00bb15&#8243; icon_color=\u00bb#ffffff\u00bb css=\u00bb.vc_custom_1558416216645{margin-bottom: 42px !important;}\u00bb][vc_column_text]\t\t<div id=\"sbi_mod_error\" >\n\t\t\t<span>Este mensaje de error solo es visible para los administradores de WordPress<\/span><br\/>\n\t\t\t<p><strong>Error: No se ha encontrado ning\u00fan feed.<\/strong>\n\t\t\t<p>Por favor, ve a la p\u00e1gina de ajustes de Instagram Feed para crear un feed.<\/p>\n\t\t<\/div>\n\t\t[\/vc_column_text][\/vc_column][vc_column width=\u00bb1\/6&#8243;][\/vc_column][\/vc_row]\n<\/div>","protected":false},"excerpt":{"rendered":"<p>[vc_row fullwidth=\u00bbtrue\u00bb full_width=\u00bbstretch_row_content_no_spaces\u00bb css=\u00bb.vc_custom_1559048770197{padding-top: 80px !important;padding-right: 0px !important;padding-bottom: 80px !important;padding-left: 0px !important;background-image: url(http:\/\/c1510404.ferozo.com\/es\/wp-content\/uploads\/2019\/05\/pattern-beautyplace.jpg?id=118) !important;background-position: 0 0 !important;background-repeat: repeat !important;}\u00bb bg_size=\u00bb275px 275px\u00bb el_class=\u00bbcolored_1&#8243;][vc_column width=\u00bb1\/6&#8243;][\/vc_column][vc_column width=\u00bb2\/3&#8243; css=\u00bb.vc_custom_1558411406979{padding-top: 40px !important;padding-right: 40px !important;padding-bottom: 40px !important;padding-left: 40px !important;background-color: #11374c !important;}\u00bb][vc_custom_heading text=\u00bbTHE BEAUTY PLACE\u00bb font_container=\u00bbtag:h2|text_align:center|color:%23ffffff|line_height:42px\u00bb use_theme_fonts=\u00bbyes\u00bb type=\u00bbicon_bottom\u00bb icon=\u00bbstm-icon-flower-2&#8243; icon_size=\u00bb15&#8243; css=\u00bb.vc_custom_1558617388870{margin-bottom: 37px !important;}\u00bb][vc_column_text disable_pattern=\u00bbfalse\u00bb align=\u00bbcenter\u00bb css=\u00bb.vc_custom_1560515949157{margin-bottom: 0px !important;}\u00bb]The Beauty Place es un [&hellip;]<\/p>\n","protected":false},"author":2,"featured_media":0,"parent":0,"menu_order":0,"comment_status":"closed","ping_status":"closed","template":"","meta":{"footnotes":""},"class_list":["post-36","page","type-page","status-publish","hentry"],"yoast_head":"<!-- This site is optimized with the Yoast SEO plugin v27.5 - https:\/\/yoast.com\/product\/yoast-seo-wordpress\/ -->\n<title>Conocenos - The Beauty Place<\/title>\n<meta name=\"robots\" content=\"index, follow, max-snippet:-1, max-image-preview:large, max-video-preview:-1\" \/>\n<link rel=\"canonical\" href=\"http:\/\/thebeautyplace.com.ar\/es\/conocenos\/\" \/>\n<meta property=\"og:locale\" content=\"es_ES\" \/>\n<meta property=\"og:type\" content=\"article\" \/>\n<meta property=\"og:title\" content=\"Conocenos - The Beauty Place\" \/>\n<meta property=\"og:description\" content=\"[vc_row fullwidth=\u00bbtrue\u00bb full_width=\u00bbstretch_row_content_no_spaces\u00bb css=\u00bb.vc_custom_1559048770197{padding-top: 80px !important;padding-right: 0px !important;padding-bottom: 80px !important;padding-left: 0px !important;background-image: url(http:\/\/c1510404.ferozo.com\/es\/wp-content\/uploads\/2019\/05\/pattern-beautyplace.jpg?id=118) !important;background-position: 0 0 !important;background-repeat: repeat !important;}\u00bb bg_size=\u00bb275px 275px\u00bb el_class=\u00bbcolored_1&#8243;][vc_column width=\u00bb1\/6&#8243;][\/vc_column][vc_column width=\u00bb2\/3&#8243; css=\u00bb.vc_custom_1558411406979{padding-top: 40px !important;padding-right: 40px !important;padding-bottom: 40px !important;padding-left: 40px !important;background-color: #11374c !important;}\u00bb][vc_custom_heading text=\u00bbTHE BEAUTY PLACE\u00bb font_container=\u00bbtag:h2|text_align:center|color:%23ffffff|line_height:42px\u00bb use_theme_fonts=\u00bbyes\u00bb type=\u00bbicon_bottom\u00bb icon=\u00bbstm-icon-flower-2&#8243; icon_size=\u00bb15&#8243; css=\u00bb.vc_custom_1558617388870{margin-bottom: 37px !important;}\u00bb][vc_column_text disable_pattern=\u00bbfalse\u00bb align=\u00bbcenter\u00bb css=\u00bb.vc_custom_1560515949157{margin-bottom: 0px !important;}\u00bb]The Beauty Place es un [&hellip;]\" \/>\n<meta property=\"og:url\" content=\"http:\/\/thebeautyplace.com.ar\/es\/conocenos\/\" \/>\n<meta property=\"og:site_name\" content=\"The Beauty Place\" \/>\n<meta property=\"article:publisher\" content=\"https:\/\/www.facebook.com\/thebeautyplacenailspa\/\" \/>\n<meta property=\"article:modified_time\" content=\"2019-06-14T12:39:12+00:00\" \/>\n<meta name=\"twitter:card\" content=\"summary_large_image\" \/>\n<meta name=\"twitter:label1\" content=\"Tiempo de lectura\" \/>\n\t<meta name=\"twitter:data1\" content=\"2 minutos\" \/>\n<script type=\"application\/ld+json\" class=\"yoast-schema-graph\">{\"@context\":\"https:\\\/\\\/schema.org\",\"@graph\":[{\"@type\":\"WebPage\",\"@id\":\"http:\\\/\\\/thebeautyplace.com.ar\\\/es\\\/conocenos\\\/\",\"url\":\"http:\\\/\\\/thebeautyplace.com.ar\\\/es\\\/conocenos\\\/\",\"name\":\"Conocenos - The Beauty Place\",\"isPartOf\":{\"@id\":\"http:\\\/\\\/thebeautyplace.com.ar\\\/es\\\/#website\"},\"datePublished\":\"2019-05-10T18:20:38+00:00\",\"dateModified\":\"2019-06-14T12:39:12+00:00\",\"breadcrumb\":{\"@id\":\"http:\\\/\\\/thebeautyplace.com.ar\\\/es\\\/conocenos\\\/#breadcrumb\"},\"inLanguage\":\"es\",\"potentialAction\":[{\"@type\":\"ReadAction\",\"target\":[\"http:\\\/\\\/thebeautyplace.com.ar\\\/es\\\/conocenos\\\/\"]}]},{\"@type\":\"BreadcrumbList\",\"@id\":\"http:\\\/\\\/thebeautyplace.com.ar\\\/es\\\/conocenos\\\/#breadcrumb\",\"itemListElement\":[{\"@type\":\"ListItem\",\"position\":1,\"name\":\"Portada\",\"item\":\"http:\\\/\\\/thebeautyplace.com.ar\\\/es\\\/\"},{\"@type\":\"ListItem\",\"position\":2,\"name\":\"Conocenos\"}]},{\"@type\":\"WebSite\",\"@id\":\"http:\\\/\\\/thebeautyplace.com.ar\\\/es\\\/#website\",\"url\":\"http:\\\/\\\/thebeautyplace.com.ar\\\/es\\\/\",\"name\":\"The Beauty Place\",\"description\":\"Nail Spa\",\"publisher\":{\"@id\":\"http:\\\/\\\/thebeautyplace.com.ar\\\/es\\\/#organization\"},\"potentialAction\":[{\"@type\":\"SearchAction\",\"target\":{\"@type\":\"EntryPoint\",\"urlTemplate\":\"http:\\\/\\\/thebeautyplace.com.ar\\\/es\\\/?s={search_term_string}\"},\"query-input\":{\"@type\":\"PropertyValueSpecification\",\"valueRequired\":true,\"valueName\":\"search_term_string\"}}],\"inLanguage\":\"es\"},{\"@type\":\"Organization\",\"@id\":\"http:\\\/\\\/thebeautyplace.com.ar\\\/es\\\/#organization\",\"name\":\"The Beauty Place\",\"url\":\"http:\\\/\\\/thebeautyplace.com.ar\\\/es\\\/\",\"logo\":{\"@type\":\"ImageObject\",\"inLanguage\":\"es\",\"@id\":\"http:\\\/\\\/thebeautyplace.com.ar\\\/es\\\/#\\\/schema\\\/logo\\\/image\\\/\",\"url\":\"http:\\\/\\\/thebeautyplace.com.ar\\\/es\\\/wp-content\\\/uploads\\\/2019\\\/04\\\/logo-beauty-place.png\",\"contentUrl\":\"http:\\\/\\\/thebeautyplace.com.ar\\\/es\\\/wp-content\\\/uploads\\\/2019\\\/04\\\/logo-beauty-place.png\",\"width\":400,\"height\":112,\"caption\":\"The Beauty Place\"},\"image\":{\"@id\":\"http:\\\/\\\/thebeautyplace.com.ar\\\/es\\\/#\\\/schema\\\/logo\\\/image\\\/\"},\"sameAs\":[\"https:\\\/\\\/www.facebook.com\\\/thebeautyplacenailspa\\\/\",\"https:\\\/\\\/www.instagram.com\\\/thebeautyplacenailspa\\\/\"]}]}<\/script>\n<!-- \/ Yoast SEO plugin. -->","yoast_head_json":{"title":"Conocenos - The Beauty Place","robots":{"index":"index","follow":"follow","max-snippet":"max-snippet:-1","max-image-preview":"max-image-preview:large","max-video-preview":"max-video-preview:-1"},"canonical":"http:\/\/thebeautyplace.com.ar\/es\/conocenos\/","og_locale":"es_ES","og_type":"article","og_title":"Conocenos - The Beauty Place","og_description":"[vc_row fullwidth=\u00bbtrue\u00bb full_width=\u00bbstretch_row_content_no_spaces\u00bb css=\u00bb.vc_custom_1559048770197{padding-top: 80px !important;padding-right: 0px !important;padding-bottom: 80px !important;padding-left: 0px !important;background-image: url(http:\/\/c1510404.ferozo.com\/es\/wp-content\/uploads\/2019\/05\/pattern-beautyplace.jpg?id=118) !important;background-position: 0 0 !important;background-repeat: repeat !important;}\u00bb bg_size=\u00bb275px 275px\u00bb el_class=\u00bbcolored_1&#8243;][vc_column width=\u00bb1\/6&#8243;][\/vc_column][vc_column width=\u00bb2\/3&#8243; css=\u00bb.vc_custom_1558411406979{padding-top: 40px !important;padding-right: 40px !important;padding-bottom: 40px !important;padding-left: 40px !important;background-color: #11374c !important;}\u00bb][vc_custom_heading text=\u00bbTHE BEAUTY PLACE\u00bb font_container=\u00bbtag:h2|text_align:center|color:%23ffffff|line_height:42px\u00bb use_theme_fonts=\u00bbyes\u00bb type=\u00bbicon_bottom\u00bb icon=\u00bbstm-icon-flower-2&#8243; icon_size=\u00bb15&#8243; css=\u00bb.vc_custom_1558617388870{margin-bottom: 37px !important;}\u00bb][vc_column_text disable_pattern=\u00bbfalse\u00bb align=\u00bbcenter\u00bb css=\u00bb.vc_custom_1560515949157{margin-bottom: 0px !important;}\u00bb]The Beauty Place es un [&hellip;]","og_url":"http:\/\/thebeautyplace.com.ar\/es\/conocenos\/","og_site_name":"The Beauty Place","article_publisher":"https:\/\/www.facebook.com\/thebeautyplacenailspa\/","article_modified_time":"2019-06-14T12:39:12+00:00","twitter_card":"summary_large_image","twitter_misc":{"Tiempo de lectura":"2 minutos"},"schema":{"@context":"https:\/\/schema.org","@graph":[{"@type":"WebPage","@id":"http:\/\/thebeautyplace.com.ar\/es\/conocenos\/","url":"http:\/\/thebeautyplace.com.ar\/es\/conocenos\/","name":"Conocenos - The Beauty Place","isPartOf":{"@id":"http:\/\/thebeautyplace.com.ar\/es\/#website"},"datePublished":"2019-05-10T18:20:38+00:00","dateModified":"2019-06-14T12:39:12+00:00","breadcrumb":{"@id":"http:\/\/thebeautyplace.com.ar\/es\/conocenos\/#breadcrumb"},"inLanguage":"es","potentialAction":[{"@type":"ReadAction","target":["http:\/\/thebeautyplace.com.ar\/es\/conocenos\/"]}]},{"@type":"BreadcrumbList","@id":"http:\/\/thebeautyplace.com.ar\/es\/conocenos\/#breadcrumb","itemListElement":[{"@type":"ListItem","position":1,"name":"Portada","item":"http:\/\/thebeautyplace.com.ar\/es\/"},{"@type":"ListItem","position":2,"name":"Conocenos"}]},{"@type":"WebSite","@id":"http:\/\/thebeautyplace.com.ar\/es\/#website","url":"http:\/\/thebeautyplace.com.ar\/es\/","name":"The Beauty Place","description":"Nail Spa","publisher":{"@id":"http:\/\/thebeautyplace.com.ar\/es\/#organization"},"potentialAction":[{"@type":"SearchAction","target":{"@type":"EntryPoint","urlTemplate":"http:\/\/thebeautyplace.com.ar\/es\/?s={search_term_string}"},"query-input":{"@type":"PropertyValueSpecification","valueRequired":true,"valueName":"search_term_string"}}],"inLanguage":"es"},{"@type":"Organization","@id":"http:\/\/thebeautyplace.com.ar\/es\/#organization","name":"The Beauty Place","url":"http:\/\/thebeautyplace.com.ar\/es\/","logo":{"@type":"ImageObject","inLanguage":"es","@id":"http:\/\/thebeautyplace.com.ar\/es\/#\/schema\/logo\/image\/","url":"http:\/\/thebeautyplace.com.ar\/es\/wp-content\/uploads\/2019\/04\/logo-beauty-place.png","contentUrl":"http:\/\/thebeautyplace.com.ar\/es\/wp-content\/uploads\/2019\/04\/logo-beauty-place.png","width":400,"height":112,"caption":"The Beauty Place"},"image":{"@id":"http:\/\/thebeautyplace.com.ar\/es\/#\/schema\/logo\/image\/"},"sameAs":["https:\/\/www.facebook.com\/thebeautyplacenailspa\/","https:\/\/www.instagram.com\/thebeautyplacenailspa\/"]}]}},"_links":{"self":[{"href":"http:\/\/thebeautyplace.com.ar\/es\/wp-json\/wp\/v2\/pages\/36","targetHints":{"allow":["GET"]}}],"collection":[{"href":"http:\/\/thebeautyplace.com.ar\/es\/wp-json\/wp\/v2\/pages"}],"about":[{"href":"http:\/\/thebeautyplace.com.ar\/es\/wp-json\/wp\/v2\/types\/page"}],"author":[{"embeddable":true,"href":"http:\/\/thebeautyplace.com.ar\/es\/wp-json\/wp\/v2\/users\/2"}],"replies":[{"embeddable":true,"href":"http:\/\/thebeautyplace.com.ar\/es\/wp-json\/wp\/v2\/comments?post=36"}],"version-history":[{"count":24,"href":"http:\/\/thebeautyplace.com.ar\/es\/wp-json\/wp\/v2\/pages\/36\/revisions"}],"predecessor-version":[{"id":304,"href":"http:\/\/thebeautyplace.com.ar\/es\/wp-json\/wp\/v2\/pages\/36\/revisions\/304"}],"wp:attachment":[{"href":"http:\/\/thebeautyplace.com.ar\/es\/wp-json\/wp\/v2\/media?parent=36"}],"curies":[{"name":"wp","href":"https:\/\/api.w.org\/{rel}","templated":true}]}}